{"id":17,"date":"2023-09-19T06:10:02","date_gmt":"2023-09-19T09:10:02","guid":{"rendered":"https:\/\/daniellasasso.com.br\/?page_id=17"},"modified":"2024-01-22T12:59:10","modified_gmt":"2024-01-22T15:59:10","slug":"home","status":"publish","type":"page","link":"https:\/\/daniellasasso.com.br\/","title":{"rendered":"Home"},"content":{"rendered":"\t\t<div data-elementor-type=\"wp-page\" data-elementor-id=\"17\" class=\"elementor elementor-17\">\n\t\t\t\t<div class=\"elementor-element elementor-element-f54d157 e-con-full e-flex e-con e-parent\" data-id=\"f54d157\" data-element_type=\"container\">\n\t\t\t\t<div class=\"elementor-element elementor-element-5caf455 elementor-align-right elementor-widget__width-inherit elementor-mobile-align-center elementor-widget elementor-widget-button\" data-id=\"5caf455\" data-element_type=\"widget\" data-widget_type=\"button.default\">\n\t\t\t\t<div class=\"elementor-widget-container\">\n\t\t\t\t\t\t\t\t\t<div class=\"elementor-button-wrapper\">\n\t\t\t\t\t<a class=\"elementor-button elementor-button-link elementor-size-sm\" href=\"https:\/\/daniellasasso.com.br\/?page_id=266\">\n\t\t\t\t\t\t<span class=\"elementor-button-content-wrapper\">\n\t\t\t\t\t\t\t\t\t<span class=\"elementor-button-text\">Minha Hist\u00f3ria<\/span>\n\t\t\t\t\t<\/span>\n\t\t\t\t\t<\/a>\n\t\t\t\t<\/div>\n\t\t\t\t\t\t\t\t<\/div>\n\t\t\t\t<\/div>\n\t\t\t\t<\/div>\n\t\t<div class=\"elementor-element elementor-element-19756f1 e-con-full e-flex elementor-invisible e-con e-parent\" data-id=\"19756f1\" data-element_type=\"container\" data-settings=\"{&quot;animation&quot;:&quot;fadeIn&quot;}\">\n\t\t\t\t<div class=\"elementor-element elementor-element-cff877e elementor-widget__width-inherit animated-slow elementor-invisible elementor-widget elementor-widget-text-editor\" data-id=\"cff877e\" data-element_type=\"widget\" data-settings=\"{&quot;_animation&quot;:&quot;zoomIn&quot;}\" data-widget_type=\"text-editor.default\">\n\t\t\t\t<div class=\"elementor-widget-container\">\n\t\t\t\t\t\t\t\t\t<p>Ensine seu beb\u00ea \u00e0 dormir de 8 a 12 horas por noite!<\/p>\t\t\t\t\t\t\t\t<\/div>\n\t\t\t\t<\/div>\n\t\t\t\t<\/div>\n\t\t<div class=\"elementor-element elementor-element-e194d17 e-flex e-con-boxed e-con e-parent\" data-id=\"e194d17\" data-element_type=\"container\">\n\t\t\t\t\t<div class=\"e-con-inner\">\n\t\t<div class=\"elementor-element elementor-element-267a471 e-con-full e-flex e-con e-child\" data-id=\"267a471\" data-element_type=\"container\">\n\t\t\t\t<div class=\"elementor-element elementor-element-6d23edc elementor-widget elementor-widget-image\" data-id=\"6d23edc\" data-element_type=\"widget\" data-widget_type=\"image.default\">\n\t\t\t\t<div class=\"elementor-widget-container\">\n\t\t\t\t\t\t\t\t\t\t\t\t\t\t\t<img fetchpriority=\"high\" decoding=\"async\" width=\"2560\" height=\"1707\" src=\"https:\/\/daniellasasso.com.br\/wp-content\/uploads\/2023\/10\/young-pregnant-woman-posing-indoor-scaled.jpg\" class=\"attachment-full size-full wp-image-188\" alt=\"\" srcset=\"https:\/\/daniellasasso.com.br\/wp-content\/uploads\/2023\/10\/young-pregnant-woman-posing-indoor-scaled.jpg 2560w, https:\/\/daniellasasso.com.br\/wp-content\/uploads\/2023\/10\/young-pregnant-woman-posing-indoor-300x200.jpg 300w, https:\/\/daniellasasso.com.br\/wp-content\/uploads\/2023\/10\/young-pregnant-woman-posing-indoor-1024x683.jpg 1024w, https:\/\/daniellasasso.com.br\/wp-content\/uploads\/2023\/10\/young-pregnant-woman-posing-indoor-768x512.jpg 768w, https:\/\/daniellasasso.com.br\/wp-content\/uploads\/2023\/10\/young-pregnant-woman-posing-indoor-1536x1024.jpg 1536w, https:\/\/daniellasasso.com.br\/wp-content\/uploads\/2023\/10\/young-pregnant-woman-posing-indoor-2048x1365.jpg 2048w, https:\/\/daniellasasso.com.br\/wp-content\/uploads\/2023\/10\/young-pregnant-woman-posing-indoor-600x400.jpg 600w\" sizes=\"(max-width: 2560px) 100vw, 2560px\" \/>\t\t\t\t\t\t\t\t\t\t\t\t\t\t\t<\/div>\n\t\t\t\t<\/div>\n\t\t\t\t<div class=\"elementor-element elementor-element-43bcc9e animated-slow elementor-invisible elementor-widget elementor-widget-text-editor\" data-id=\"43bcc9e\" data-element_type=\"widget\" data-settings=\"{&quot;_animation&quot;:&quot;fadeIn&quot;}\" data-widget_type=\"text-editor.default\">\n\t\t\t\t<div class=\"elementor-widget-container\">\n\t\t\t\t\t\t\t\t\t<p>Mam\u00e3e, se prepare para a chegada do seu beb\u00ea. Prover qualidade de sono para ele ou ela <b><u>e para voc\u00ea<\/u><\/b> \u00e9 essencial para aproveitar a maternidade!<\/p>\t\t\t\t\t\t\t\t<\/div>\n\t\t\t\t<\/div>\n\t\t\t\t<\/div>\n\t\t<div class=\"elementor-element elementor-element-170e27a e-con-full e-flex e-con e-child\" data-id=\"170e27a\" data-element_type=\"container\">\n\t\t\t\t<div class=\"elementor-element elementor-element-e6154ad elementor-widget elementor-widget-image\" data-id=\"e6154ad\" data-element_type=\"widget\" data-widget_type=\"image.default\">\n\t\t\t\t<div class=\"elementor-widget-container\">\n\t\t\t\t\t\t\t\t\t\t\t\t\t\t\t<img decoding=\"async\" width=\"2560\" height=\"1707\" src=\"https:\/\/daniellasasso.com.br\/wp-content\/uploads\/2023\/10\/mother-with-son-playing-summer-park-scaled.jpg\" class=\"attachment-full size-full wp-image-184\" alt=\"\" srcset=\"https:\/\/daniellasasso.com.br\/wp-content\/uploads\/2023\/10\/mother-with-son-playing-summer-park-scaled.jpg 2560w, https:\/\/daniellasasso.com.br\/wp-content\/uploads\/2023\/10\/mother-with-son-playing-summer-park-300x200.jpg 300w, https:\/\/daniellasasso.com.br\/wp-content\/uploads\/2023\/10\/mother-with-son-playing-summer-park-1024x683.jpg 1024w, https:\/\/daniellasasso.com.br\/wp-content\/uploads\/2023\/10\/mother-with-son-playing-summer-park-768x512.jpg 768w, https:\/\/daniellasasso.com.br\/wp-content\/uploads\/2023\/10\/mother-with-son-playing-summer-park-1536x1024.jpg 1536w, https:\/\/daniellasasso.com.br\/wp-content\/uploads\/2023\/10\/mother-with-son-playing-summer-park-2048x1365.jpg 2048w, https:\/\/daniellasasso.com.br\/wp-content\/uploads\/2023\/10\/mother-with-son-playing-summer-park-600x400.jpg 600w\" sizes=\"(max-width: 2560px) 100vw, 2560px\" \/>\t\t\t\t\t\t\t\t\t\t\t\t\t\t\t<\/div>\n\t\t\t\t<\/div>\n\t\t\t\t<div class=\"elementor-element elementor-element-7c70aa7 animated-slow elementor-invisible elementor-widget elementor-widget-text-editor\" data-id=\"7c70aa7\" data-element_type=\"widget\" data-settings=\"{&quot;_animation&quot;:&quot;fadeIn&quot;}\" data-widget_type=\"text-editor.default\">\n\t\t\t\t<div class=\"elementor-widget-container\">\n\t\t\t\t\t\t\t\t\t<p>Mam\u00e3e, seu filho tem dificuldade para dormir a noite inteira? Voc\u00ea est\u00e1 exausta, cansada ou com baixa estima? Saiba como aproveitar sua maternidade atrav\u00e9s da Qualidade do Sono do seu beb\u00ea!<\/p>\t\t\t\t\t\t\t\t<\/div>\n\t\t\t\t<\/div>\n\t\t\t\t<\/div>\n\t\t\t\t\t<\/div>\n\t\t\t\t<\/div>\n\t\t<div class=\"elementor-element elementor-element-fae5000 e-con-full e-flex e-con e-parent\" data-id=\"fae5000\" data-element_type=\"container\">\n\t\t\t\t<div class=\"elementor-element elementor-element-9c87c5b elementor-widget__width-inherit animated-slow elementor-invisible elementor-widget elementor-widget-text-editor\" data-id=\"9c87c5b\" data-element_type=\"widget\" data-settings=\"{&quot;_animation&quot;:&quot;slideInUp&quot;}\" data-widget_type=\"text-editor.default\">\n\t\t\t\t<div class=\"elementor-widget-container\">\n\t\t\t\t\t\t\t\t\t<p>Conhe\u00e7a como posso te ajudar \u00e0 alcan\u00e7ar \u00e0s t\u00e3o sonhadas noites inteiras de sono.<\/p>\t\t\t\t\t\t\t\t<\/div>\n\t\t\t\t<\/div>\n\t\t\t\t<\/div>\n\t\t<div class=\"elementor-element elementor-element-761f7ca e-con-full e-flex e-con e-parent\" data-id=\"761f7ca\" data-element_type=\"container\">\n\t\t\t\t<div class=\"elementor-element elementor-element-49875c3 elementor-widget__width-inherit elementor-invisible elementor-widget elementor-widget-text-editor\" data-id=\"49875c3\" data-element_type=\"widget\" data-settings=\"{&quot;_animation&quot;:&quot;fadeIn&quot;}\" data-widget_type=\"text-editor.default\">\n\t\t\t\t<div class=\"elementor-widget-container\">\n\t\t\t\t\t\t\t\t\t<p>Consultoria Online<\/p>\t\t\t\t\t\t\t\t<\/div>\n\t\t\t\t<\/div>\n\t\t\t\t<div class=\"elementor-element elementor-element-5445bdd elementor-widget__width-inherit elementor-widget elementor-widget-text-editor\" data-id=\"5445bdd\" data-element_type=\"widget\" data-widget_type=\"text-editor.default\">\n\t\t\t\t<div class=\"elementor-widget-container\">\n\t\t\t\t\t\t\t\t\t<p>Metodologia que j\u00e1 transformou a maternidade de v\u00e1rias mam\u00e3es que hoje podem aproveitar seu beb\u00ea e desfrutar de uma vida plena na sua religi\u00e3o, fam\u00edlia e profiss\u00e3o.<\/p>\t\t\t\t\t\t\t\t<\/div>\n\t\t\t\t<\/div>\n\t\t\t\t<div class=\"elementor-element elementor-element-8f3d147 elementor-widget__width-inherit elementor-widget elementor-widget-text-editor\" data-id=\"8f3d147\" data-element_type=\"widget\" data-widget_type=\"text-editor.default\">\n\t\t\t\t<div class=\"elementor-widget-container\">\n\t\t\t\t\t\t\t\t\t<p>Obtenha um diagn\u00f3stico inicial do sono do seu beb\u00ea. Tenha certeza que podemos transformar sua maternidade!<\/p>\t\t\t\t\t\t\t\t<\/div>\n\t\t\t\t<\/div>\n\t\t\t\t<div class=\"elementor-element elementor-element-2da570f elementor-align-center elementor-widget__width-inherit animated-slow elementor-widget-mobile__width-inherit elementor-invisible elementor-widget elementor-widget-button\" data-id=\"2da570f\" data-element_type=\"widget\" data-settings=\"{&quot;_animation&quot;:&quot;bounceIn&quot;}\" data-widget_type=\"button.default\">\n\t\t\t\t<div class=\"elementor-widget-container\">\n\t\t\t\t\t\t\t\t\t<div class=\"elementor-button-wrapper\">\n\t\t\t\t\t<a class=\"elementor-button elementor-button-link elementor-size-sm\" href=\"https:\/\/daniellasasso.com.br\/?page_id=413\" target=\"_blank\">\n\t\t\t\t\t\t<span class=\"elementor-button-content-wrapper\">\n\t\t\t\t\t\t\t\t\t<span class=\"elementor-button-text\">Diagn\u00f3stico Inicial<\/span>\n\t\t\t\t\t<\/span>\n\t\t\t\t\t<\/a>\n\t\t\t\t<\/div>\n\t\t\t\t\t\t\t\t<\/div>\n\t\t\t\t<\/div>\n\t\t\t\t<div class=\"elementor-element elementor-element-0ee3e4c elementor-align-center elementor-widget__width-inherit elementor-icon-list--layout-traditional elementor-list-item-link-full_width elementor-widget elementor-widget-icon-list\" data-id=\"0ee3e4c\" data-element_type=\"widget\" data-widget_type=\"icon-list.default\">\n\t\t\t\t<div class=\"elementor-widget-container\">\n\t\t\t\t\t\t\t<ul class=\"elementor-icon-list-items\">\n\t\t\t\t\t\t\t<li class=\"elementor-icon-list-item\">\n\t\t\t\t\t\t\t\t\t\t\t<span class=\"elementor-icon-list-icon\">\n\t\t\t\t\t\t\t<i aria-hidden=\"true\" class=\"fas fa-award\"><\/i>\t\t\t\t\t\t<\/span>\n\t\t\t\t\t\t\t\t\t\t<span class=\"elementor-icon-list-text\">Garantia de 30 dias<\/span>\n\t\t\t\t\t\t\t\t\t<\/li>\n\t\t\t\t\t\t\t\t<li class=\"elementor-icon-list-item\">\n\t\t\t\t\t\t\t\t\t\t\t<span class=\"elementor-icon-list-icon\">\n\t\t\t\t\t\t\t<i aria-hidden=\"true\" class=\"fab fa-whatsapp\"><\/i>\t\t\t\t\t\t<\/span>\n\t\t\t\t\t\t\t\t\t\t<span class=\"elementor-icon-list-text\">Suporte via Whatsup<\/span>\n\t\t\t\t\t\t\t\t\t<\/li>\n\t\t\t\t\t\t\t\t<li class=\"elementor-icon-list-item\">\n\t\t\t\t\t\t\t\t\t\t\t<span class=\"elementor-icon-list-icon\">\n\t\t\t\t\t\t\t<i aria-hidden=\"true\" class=\"fas fa-dot-circle\"><\/i>\t\t\t\t\t\t<\/span>\n\t\t\t\t\t\t\t\t\t\t<span class=\"elementor-icon-list-text\">Atendimento personalizado<\/span>\n\t\t\t\t\t\t\t\t\t<\/li>\n\t\t\t\t\t\t<\/ul>\n\t\t\t\t\t\t<\/div>\n\t\t\t\t<\/div>\n\t\t\t\t<div class=\"elementor-element elementor-element-c3430d9 elementor-align-center elementor-widget__width-inherit animated-slow elementor-widget-mobile__width-inherit elementor-invisible elementor-widget elementor-widget-button\" data-id=\"c3430d9\" data-element_type=\"widget\" data-settings=\"{&quot;_animation&quot;:&quot;bounceIn&quot;}\" data-widget_type=\"button.default\">\n\t\t\t\t<div class=\"elementor-widget-container\">\n\t\t\t\t\t\t\t\t\t<div class=\"elementor-button-wrapper\">\n\t\t\t\t\t<a class=\"elementor-button elementor-button-link elementor-size-sm\" href=\"https:\/\/api.whatsapp.com\/send?phone=5541999997874&#038;text=Ol%C3%A1,%20gostaria%20de%20receber%20mais%20informa%C3%A7%C3%B5es%20%C3%A0%20respeito%20da%20Consultoria%20Online\" target=\"_blank\">\n\t\t\t\t\t\t<span class=\"elementor-button-content-wrapper\">\n\t\t\t\t\t\t\t\t\t<span class=\"elementor-button-text\">Agendar Consulta<\/span>\n\t\t\t\t\t<\/span>\n\t\t\t\t\t<\/a>\n\t\t\t\t<\/div>\n\t\t\t\t\t\t\t\t<\/div>\n\t\t\t\t<\/div>\n\t\t\t\t<\/div>\n\t\t<div class=\"elementor-element elementor-element-9e4aabf e-con-full e-flex e-con e-parent\" data-id=\"9e4aabf\" data-element_type=\"container\">\n\t\t\t\t<div class=\"elementor-element elementor-element-c7b8797 elementor-widget__width-inherit elementor-invisible elementor-widget elementor-widget-text-editor\" data-id=\"c7b8797\" data-element_type=\"widget\" data-settings=\"{&quot;_animation&quot;:&quot;fadeIn&quot;}\" data-widget_type=\"text-editor.default\">\n\t\t\t\t<div class=\"elementor-widget-container\">\n\t\t\t\t\t\t\t\t\t<p>Maravilha de Sono &#8211; Guia Pr\u00e1tico<\/p>\t\t\t\t\t\t\t\t<\/div>\n\t\t\t\t<\/div>\n\t\t\t\t<div class=\"elementor-element elementor-element-a966aca elementor-widget elementor-widget-text-editor\" data-id=\"a966aca\" data-element_type=\"widget\" data-widget_type=\"text-editor.default\">\n\t\t\t\t<div class=\"elementor-widget-container\">\n\t\t\t\t\t\t\t\t\t<p>A ideia deste E-book \u00e9 ser um guia pr\u00e1tico, direto ao ponto para que ajude voc\u00ea a experimentar resultados r\u00e1pidos e (comprovados) aumentando a qualidade de vida do seu beb\u00ea e de toda sua fam\u00edlia.<\/p><p>Neste E-book trago v\u00e1rios exemplos pr\u00e1ticos, de como eu <span style=\"text-decoration: underline;\">MESMA<\/span>, fa\u00e7o aqui em casa com meus filhos.<\/p>\t\t\t\t\t\t\t\t<\/div>\n\t\t\t\t<\/div>\n\t\t\t\t<div class=\"elementor-element elementor-element-8a427b6 elementor-widget__width-inherit elementor-widget elementor-widget-image\" data-id=\"8a427b6\" data-element_type=\"widget\" data-widget_type=\"image.default\">\n\t\t\t\t<div class=\"elementor-widget-container\">\n\t\t\t\t\t\t\t\t\t\t\t\t\t\t\t<img decoding=\"async\" width=\"361\" height=\"362\" src=\"https:\/\/daniellasasso.com.br\/wp-content\/uploads\/2023\/10\/E-book.png\" class=\"attachment-full size-full wp-image-242\" alt=\"\" srcset=\"https:\/\/daniellasasso.com.br\/wp-content\/uploads\/2023\/10\/E-book.png 361w, https:\/\/daniellasasso.com.br\/wp-content\/uploads\/2023\/10\/E-book-300x300.png 300w, https:\/\/daniellasasso.com.br\/wp-content\/uploads\/2023\/10\/E-book-150x150.png 150w, https:\/\/daniellasasso.com.br\/wp-content\/uploads\/2023\/10\/E-book-230x230.png 230w\" sizes=\"(max-width: 361px) 100vw, 361px\" \/>\t\t\t\t\t\t\t\t\t\t\t\t\t\t\t<\/div>\n\t\t\t\t<\/div>\n\t\t\t\t<div class=\"elementor-element elementor-element-9a1a6bb elementor-align-center animated-slow elementor-invisible elementor-widget elementor-widget-button\" data-id=\"9a1a6bb\" data-element_type=\"widget\" data-settings=\"{&quot;_animation&quot;:&quot;bounceIn&quot;}\" data-widget_type=\"button.default\">\n\t\t\t\t<div class=\"elementor-widget-container\">\n\t\t\t\t\t\t\t\t\t<div class=\"elementor-button-wrapper\">\n\t\t\t\t\t<a class=\"elementor-button elementor-button-link elementor-size-sm\" href=\"https:\/\/daniella-sasso-sonodobebe.my.canva.site\/\" target=\"_blank\">\n\t\t\t\t\t\t<span class=\"elementor-button-content-wrapper\">\n\t\t\t\t\t\t\t\t\t<span class=\"elementor-button-text\">Saiba Mais<\/span>\n\t\t\t\t\t<\/span>\n\t\t\t\t\t<\/a>\n\t\t\t\t<\/div>\n\t\t\t\t\t\t\t\t<\/div>\n\t\t\t\t<\/div>\n\t\t\t\t<\/div>\n\t\t\t\t<\/div>\n\t\t","protected":false},"excerpt":{"rendered":"<p>Minha Hist\u00f3ria Ensine seu beb\u00ea \u00e0 dormir de 8 a 12 horas por noite! Mam\u00e3e, se prepare para a chegada do seu beb\u00ea. Prover qualidade de sono para ele ou ela e para voc\u00ea \u00e9 essencial para aproveitar a maternidade! Mam\u00e3e, seu filho tem dificuldade para dormir a noite inteira? Voc\u00ea est\u00e1 exausta, cansada ou [&hellip;]<\/p>\n","protected":false},"author":1,"featured_media":0,"parent":0,"menu_order":0,"comment_status":"closed","ping_status":"closed","template":"elementor_header_footer","meta":{"footnotes":""},"class_list":["post-17","page","type-page","status-publish","hentry"],"_links":{"self":[{"href":"https:\/\/daniellasasso.com.br\/index.php?rest_route=\/wp\/v2\/pages\/17"}],"collection":[{"href":"https:\/\/daniellasasso.com.br\/index.php?rest_route=\/wp\/v2\/pages"}],"about":[{"href":"https:\/\/daniellasasso.com.br\/index.php?rest_route=\/wp\/v2\/types\/page"}],"author":[{"embeddable":true,"href":"https:\/\/daniellasasso.com.br\/index.php?rest_route=\/wp\/v2\/users\/1"}],"replies":[{"embeddable":true,"href":"https:\/\/daniellasasso.com.br\/index.php?rest_route=%2Fwp%2Fv2%2Fcomments&post=17"}],"version-history":[{"count":158,"href":"https:\/\/daniellasasso.com.br\/index.php?rest_route=\/wp\/v2\/pages\/17\/revisions"}],"predecessor-version":[{"id":467,"href":"https:\/\/daniellasasso.com.br\/index.php?rest_route=\/wp\/v2\/pages\/17\/revisions\/467"}],"wp:attachment":[{"href":"https:\/\/daniellasasso.com.br\/index.php?rest_route=%2Fwp%2Fv2%2Fmedia&parent=17"}],"curies":[{"name":"wp","href":"https:\/\/api.w.org\/{rel}","templated":true}]}}