{"id":266,"date":"2023-10-02T06:55:13","date_gmt":"2023-10-02T09:55:13","guid":{"rendered":"https:\/\/daniellasasso.com.br\/?page_id=266"},"modified":"2023-10-03T06:20:36","modified_gmt":"2023-10-03T09:20:36","slug":"sobre-mim","status":"publish","type":"page","link":"https:\/\/daniellasasso.com.br\/?page_id=266","title":{"rendered":"Sobre mim"},"content":{"rendered":"\t\t<div data-elementor-type=\"wp-page\" data-elementor-id=\"266\" class=\"elementor elementor-266\">\n\t\t\t\t<div class=\"elementor-element elementor-element-9f89089 e-con-full e-flex e-con e-parent\" data-id=\"9f89089\" data-element_type=\"container\">\n\t\t\t\t<div class=\"elementor-element elementor-element-9c6e17c elementor-widget elementor-widget-image\" data-id=\"9c6e17c\" data-element_type=\"widget\" data-widget_type=\"image.default\">\n\t\t\t\t<div class=\"elementor-widget-container\">\n\t\t\t\t\t\t\t\t\t\t\t\t\t\t\t<img fetchpriority=\"high\" decoding=\"async\" width=\"964\" height=\"644\" src=\"https:\/\/daniellasasso.com.br\/wp-content\/uploads\/2023\/10\/Familia-1.png\" class=\"attachment-large size-large wp-image-270\" alt=\"\" srcset=\"https:\/\/daniellasasso.com.br\/wp-content\/uploads\/2023\/10\/Familia-1.png 964w, https:\/\/daniellasasso.com.br\/wp-content\/uploads\/2023\/10\/Familia-1-300x200.png 300w, https:\/\/daniellasasso.com.br\/wp-content\/uploads\/2023\/10\/Familia-1-768x513.png 768w, https:\/\/daniellasasso.com.br\/wp-content\/uploads\/2023\/10\/Familia-1-600x401.png 600w\" sizes=\"(max-width: 964px) 100vw, 964px\" \/>\t\t\t\t\t\t\t\t\t\t\t\t\t\t\t<\/div>\n\t\t\t\t<\/div>\n\t\t\t\t<div class=\"elementor-element elementor-element-afb1a6e elementor-widget__width-inherit elementor-widget elementor-widget-text-editor\" data-id=\"afb1a6e\" data-element_type=\"widget\" data-widget_type=\"text-editor.default\">\n\t\t\t\t<div class=\"elementor-widget-container\">\n\t\t\t\t\t\t\t\t\t<p class=\"_mb-5\" role=\"paragraph\">Me chamo Daniella Sasso e sou mam\u00e3e do Davi (2 anos e 11meses) e da Gabriela (1 ano e 6 meses), tenho 35 anos e eles s\u00e3o a raz\u00e3o de eu estar por aqui \ud83e\udd70 \ud83d\ude4f\ud83c\udffc \ud83d\ude4f\ud83c\udffc. Com o nascimento dos meus filhos eu me descobri, eles nasceram e eu renasci!<\/p><p class=\"_mb-5\" role=\"paragraph\">\ud83d\udc8a Sou farmac\u00eautica por forma\u00e7\u00e3o e atuei por 8 anos na \u00e1rea at\u00e9 o nascimento do meu primeiro filho Davi. Davi era MUITO alerta, um rec\u00e9m nascido que n\u00e3o dormia. Dei um basta e busquei novos conhecimentos, foi a\u00ed que encontrei alguns cursos que me ensinaram tudo o que sei, e ent\u00e3o pude virar a p\u00e1gina da minha maternidade. Deu tudo T\u00c3O CERTO, que Davi com apenas 9 semanas come\u00e7ou a dormir a noite inteirinha! Fiquei t\u00e3o maravilhada, t\u00e3o empolgada, que decidi passar meu conhecimento! Pensei: &#8220;Preciso que outras m\u00e3es possam experimentar o que estou vivendo.&#8221; Resolvi ent\u00e3o estudar ainda mais e hoje meu trabalho \u00e9 esse, me dedico somente a esse prop\u00f3sito de transformar outras maternidades.<\/p>\t\t\t\t\t\t\t\t<\/div>\n\t\t\t\t<\/div>\n\t\t\t\t<div class=\"elementor-element elementor-element-56f6346 elementor-align-center elementor-widget elementor-widget-button\" data-id=\"56f6346\" data-element_type=\"widget\" data-settings=\"{&quot;_animation&quot;:&quot;none&quot;}\" data-widget_type=\"button.default\">\n\t\t\t\t<div class=\"elementor-widget-container\">\n\t\t\t\t\t\t\t\t\t<div class=\"elementor-button-wrapper\">\n\t\t\t\t\t<a class=\"elementor-button elementor-button-link elementor-size-sm\" href=\"https:\/\/daniellasasso.com.br\/\">\n\t\t\t\t\t\t<span class=\"elementor-button-content-wrapper\">\n\t\t\t\t\t\t\t\t\t<span class=\"elementor-button-text\">Voltar<\/span>\n\t\t\t\t\t<\/span>\n\t\t\t\t\t<\/a>\n\t\t\t\t<\/div>\n\t\t\t\t\t\t\t\t<\/div>\n\t\t\t\t<\/div>\n\t\t\t\t<\/div>\n\t\t\t\t<\/div>\n\t\t","protected":false},"excerpt":{"rendered":"<p>Me chamo Daniella Sasso e sou mam\u00e3e do Davi (2 anos e 11meses) e da Gabriela (1 ano e 6 meses), tenho 35 anos e eles s\u00e3o a raz\u00e3o de eu estar por aqui \ud83e\udd70 \ud83d\ude4f\ud83c\udffc \ud83d\ude4f\ud83c\udffc. Com o nascimento dos meus filhos eu me descobri, eles nasceram e eu renasci! \ud83d\udc8a Sou farmac\u00eautica por [&hellip;]<\/p>\n","protected":false},"author":1,"featured_media":0,"parent":0,"menu_order":0,"comment_status":"closed","ping_status":"closed","template":"elementor_header_footer","meta":{"footnotes":""},"class_list":["post-266","page","type-page","status-publish","hentry"],"_links":{"self":[{"href":"https:\/\/daniellasasso.com.br\/index.php?rest_route=\/wp\/v2\/pages\/266"}],"collection":[{"href":"https:\/\/daniellasasso.com.br\/index.php?rest_route=\/wp\/v2\/pages"}],"about":[{"href":"https:\/\/daniellasasso.com.br\/index.php?rest_route=\/wp\/v2\/types\/page"}],"author":[{"embeddable":true,"href":"https:\/\/daniellasasso.com.br\/index.php?rest_route=\/wp\/v2\/users\/1"}],"replies":[{"embeddable":true,"href":"https:\/\/daniellasasso.com.br\/index.php?rest_route=%2Fwp%2Fv2%2Fcomments&post=266"}],"version-history":[{"count":22,"href":"https:\/\/daniellasasso.com.br\/index.php?rest_route=\/wp\/v2\/pages\/266\/revisions"}],"predecessor-version":[{"id":315,"href":"https:\/\/daniellasasso.com.br\/index.php?rest_route=\/wp\/v2\/pages\/266\/revisions\/315"}],"wp:attachment":[{"href":"https:\/\/daniellasasso.com.br\/index.php?rest_route=%2Fwp%2Fv2%2Fmedia&parent=266"}],"curies":[{"name":"wp","href":"https:\/\/api.w.org\/{rel}","templated":true}]}}