{"id":413,"date":"2024-01-22T12:39:58","date_gmt":"2024-01-22T15:39:58","guid":{"rendered":"https:\/\/daniellasasso.com.br\/?page_id=413"},"modified":"2024-01-23T06:36:38","modified_gmt":"2024-01-23T09:36:38","slug":"formulario","status":"publish","type":"page","link":"https:\/\/daniellasasso.com.br\/?page_id=413","title":{"rendered":"Diagnostico"},"content":{"rendered":"\t\t<div data-elementor-type=\"wp-page\" data-elementor-id=\"413\" class=\"elementor elementor-413\">\n\t\t\t\t<div class=\"elementor-element elementor-element-5d2768b1 e-flex e-con-boxed e-con e-parent\" data-id=\"5d2768b1\" data-element_type=\"container\">\n\t\t\t\t\t<div class=\"e-con-inner\">\n\t\t\t\t<div class=\"elementor-element elementor-element-80a3fe7 elementor-widget elementor-widget-heading\" data-id=\"80a3fe7\" data-element_type=\"widget\" data-widget_type=\"heading.default\">\n\t\t\t\t<div class=\"elementor-widget-container\">\n\t\t\t\t\t<h2 class=\"elementor-heading-title elementor-size-default\"><h1 class=\"page-title\" style=\"letter-spacing: normal\">Question\u00e1rio Inicial \u2013 Consultoria Sono Infantil<\/h1><\/h2>\t\t\t\t<\/div>\n\t\t\t\t<\/div>\n\t\t\t\t<div class=\"elementor-element elementor-element-f5612d2 elementor-widget elementor-widget-text-editor\" data-id=\"f5612d2\" data-element_type=\"widget\" data-widget_type=\"text-editor.default\">\n\t\t\t\t<div class=\"elementor-widget-container\">\n\t\t\t\t\t\t\t\t\t<p>Responda o question\u00e1rio da melhor maneira que entender para que possamos identificar os motivadores que tem impactado o sono do seu bebe. Entraremos em contato o mais breve com as poss\u00edveis raz\u00f5es. Obrigada.<\/p>\t\t\t\t\t\t\t\t<\/div>\n\t\t\t\t<\/div>\n\t\t\t\t<div class=\"elementor-element elementor-element-45ae3df6 elementor-widget elementor-widget-text-editor\" data-id=\"45ae3df6\" data-element_type=\"widget\" data-widget_type=\"text-editor.default\">\n\t\t\t\t<div class=\"elementor-widget-container\">\n\t\t\t\t\t\t\t\t\t\n<div class=\"forminator-guttenberg\"><div class=\"forminator-ui forminator-custom-form forminator-custom-form-449 forminator-design--default  forminator_ajax\" data-forminator-render=\"0\" data-form=\"forminator-module-449\" data-uid=\"69d9a1b7b8670\"><br\/><\/div><form\n\t\t\t\tid=\"forminator-module-449\"\n\t\t\t\tclass=\"forminator-ui forminator-custom-form forminator-custom-form-449 forminator-design--default  forminator_ajax\"\n\t\t\t\tmethod=\"post\"\n\t\t\t\tdata-forminator-render=\"0\"\n\t\t\t\tdata-form-id=\"449\"\n\t\t\t\t data-color-option=\"default\" data-design=\"default\" data-grid=\"open\" style=\"display: none;\"\n\t\t\t\tdata-uid=\"69d9a1b7b8670\"\n\t\t\t><div role=\"alert\" aria-live=\"polite\" class=\"forminator-response-message forminator-error\" aria-hidden=\"true\"><\/div><div class=\"forminator-row\"><div id=\"name-1\" class=\"forminator-field-name forminator-col forminator-col-12 \"><div class=\"forminator-row forminator-no-margin\" data-multiple=\"true\"><div class=\"forminator-col forminator-col-md-6\"><div class=\"forminator-field\"><label for=\"forminator-field-first-name-1_69d9a1b7b8670\" id=\"forminator-field-first-name-1_69d9a1b7b8670-label\" class=\"forminator-label\">Primeiro Nome <span class=\"forminator-required\">*<\/span><\/label><input type=\"text\" name=\"name-1-first-name\" placeholder=\"E.x. John\" id=\"forminator-field-first-name-1_69d9a1b7b8670\" class=\"forminator-input\" aria-required=\"true\" data-multi=\"1\" autocomplete=\"given-name\" value=\"\" \/><\/div><\/div><div class=\"forminator-col forminator-col-md-6\"><div class=\"forminator-field\"><label for=\"forminator-field-last-name-1_69d9a1b7b8670\" id=\"forminator-field-last-name-1_69d9a1b7b8670-label\" class=\"forminator-label\">\u00daltimo Nome <span class=\"forminator-required\">*<\/span><\/label><input type=\"text\" name=\"name-1-last-name\" placeholder=\"E.x. Doe\" id=\"forminator-field-last-name-1_69d9a1b7b8670\" class=\"forminator-input\" aria-required=\"true\" data-multi=\"1\" autocomplete=\"family-name\" value=\"\" \/><\/div><\/div><\/div><\/div><\/div><div class=\"forminator-row\"><div id=\"email-1\" class=\"forminator-field-email forminator-col forminator-col-12 \"><div class=\"forminator-field\"><label for=\"forminator-field-email-1_69d9a1b7b8670\" id=\"forminator-field-email-1_69d9a1b7b8670-label\" class=\"forminator-label\">Endere\u00e7o de E-mail <span class=\"forminator-required\">*<\/span><\/label><input type=\"email\" name=\"email-1\" value=\"\" placeholder=\"E.x. john@doe.com\" id=\"forminator-field-email-1_69d9a1b7b8670\" class=\"forminator-input forminator-email--field\" data-required=\"true\" aria-required=\"true\" autocomplete=\"email\" \/><\/div><\/div><\/div><div class=\"forminator-row\"><div id=\"phone-1\" class=\"forminator-field-phone forminator-col forminator-col-12 \"><div class=\"forminator-field\"><label for=\"forminator-field-phone-1_69d9a1b7b8670\" id=\"forminator-field-phone-1_69d9a1b7b8670-label\" class=\"forminator-label\">Telefone<\/label><input type=\"text\" name=\"phone-1\" value=\"\" placeholder=\"E.x. (DDD)9XXXXXXXX\" id=\"forminator-field-phone-1_69d9a1b7b8670\" class=\"forminator-input forminator-field--phone\" data-required=\"\" aria-required=\"false\" autocomplete=\"off\" \/><\/div><\/div><\/div><div class=\"forminator-row\"><div id=\"textarea-1\" class=\"forminator-field-textarea forminator-col forminator-col-12 \"><div class=\"forminator-field\"><label for=\"forminator-field-textarea-1_69d9a1b7b8670\" id=\"forminator-field-textarea-1_69d9a1b7b8670-label\" class=\"forminator-label\">Descreva como \u00e9 o dia a dia do seu beb\u00ea, de sua fam\u00edlia. Informar principais hor\u00e1rios. <span class=\"forminator-required\">*<\/span><\/label><textarea name=\"textarea-1\" placeholder=\"\" id=\"forminator-field-textarea-1_69d9a1b7b8670\" class=\"forminator-textarea\" rows=\"6\" style=\"min-height:140px;\" ><\/textarea><\/div><\/div><\/div><div class=\"forminator-row\"><div id=\"textarea-2\" class=\"forminator-field-textarea forminator-col forminator-col-12 \"><div class=\"forminator-field\"><label for=\"forminator-field-textarea-2_69d9a1b7b8670\" id=\"forminator-field-textarea-2_69d9a1b7b8670-label\" class=\"forminator-label\">Descreva como \u00e9 \u00e0 alimenta\u00e7\u00e3o do seu beb\u00ea. Informar sobre comidas s\u00f3lidas, amamenta\u00e7\u00e3o e seus hor\u00e1rios. <span class=\"forminator-required\">*<\/span><\/label><textarea name=\"textarea-2\" placeholder=\"\" id=\"forminator-field-textarea-2_69d9a1b7b8670\" class=\"forminator-textarea\" rows=\"6\" style=\"min-height:140px;\" ><\/textarea><\/div><\/div><\/div><input type=\"hidden\" name=\"referer_url\" value=\"\" \/><div class=\"forminator-row forminator-row-last\"><div class=\"forminator-col\"><div class=\"forminator-field\"><button class=\"forminator-button forminator-button-submit\">Enviar mensagem<\/button><\/div><\/div><\/div><input type=\"hidden\" id=\"forminator_nonce\" name=\"forminator_nonce\" value=\"c3d31f11a1\" \/><input type=\"hidden\" name=\"_wp_http_referer\" value=\"\/index.php?rest_route=%2Fwp%2Fv2%2Fpages%2F413\" \/><input type=\"hidden\" name=\"form_id\" value=\"449\"><input type=\"hidden\" name=\"page_id\" value=\"413\"><input type=\"hidden\" name=\"form_type\" value=\"default\"><input type=\"hidden\" name=\"current_url\" value=\"https:\/\/daniellasasso.com.br\/?page_id=413\"><input type=\"hidden\" name=\"render_id\" value=\"0\"><input type=\"hidden\" name=\"action\" value=\"forminator_submit_form_custom-forms\"><\/form><\/div>\n\t\t\t\t\t\t\t\t<\/div>\n\t\t\t\t<\/div>\n\t\t\t\t\t<\/div>\n\t\t\t\t<\/div>\n\t\t\t\t<\/div>\n\t\t","protected":false},"excerpt":{"rendered":"<p>Question\u00e1rio Inicial \u2013 Consultoria Sono Infantil Responda o question\u00e1rio da melhor maneira que entender para que possamos identificar os motivadores que tem impactado o sono do seu bebe. Entraremos em contato o mais breve com as poss\u00edveis raz\u00f5es. Obrigada.<\/p>\n","protected":false},"author":1,"featured_media":0,"parent":0,"menu_order":0,"comment_status":"closed","ping_status":"closed","template":"","meta":{"footnotes":""},"class_list":["post-413","page","type-page","status-publish","hentry"],"_links":{"self":[{"href":"https:\/\/daniellasasso.com.br\/index.php?rest_route=\/wp\/v2\/pages\/413"}],"collection":[{"href":"https:\/\/daniellasasso.com.br\/index.php?rest_route=\/wp\/v2\/pages"}],"about":[{"href":"https:\/\/daniellasasso.com.br\/index.php?rest_route=\/wp\/v2\/types\/page"}],"author":[{"embeddable":true,"href":"https:\/\/daniellasasso.com.br\/index.php?rest_route=\/wp\/v2\/users\/1"}],"replies":[{"embeddable":true,"href":"https:\/\/daniellasasso.com.br\/index.php?rest_route=%2Fwp%2Fv2%2Fcomments&post=413"}],"version-history":[{"count":30,"href":"https:\/\/daniellasasso.com.br\/index.php?rest_route=\/wp\/v2\/pages\/413\/revisions"}],"predecessor-version":[{"id":452,"href":"https:\/\/daniellasasso.com.br\/index.php?rest_route=\/wp\/v2\/pages\/413\/revisions\/452"}],"wp:attachment":[{"href":"https:\/\/daniellasasso.com.br\/index.php?rest_route=%2Fwp%2Fv2%2Fmedia&parent=413"}],"curies":[{"name":"wp","href":"https:\/\/api.w.org\/{rel}","templated":true}]}}